{"id":1263,"date":"2019-12-12T10:43:51","date_gmt":"2019-12-12T09:43:51","guid":{"rendered":"https:\/\/www.medecineregenerative.org\/?page_id=1263"},"modified":"2019-12-16T09:00:24","modified_gmt":"2019-12-16T08:00:24","slug":"centre-de-medecine-regenerative","status":"publish","type":"page","link":"https:\/\/medecineregenerative.org\/en\/centre-de-medecine-regenerative\/","title":{"rendered":"Centre de m\u00e9decine r\u00e9g\u00e9n\u00e9rative"},"content":{"rendered":"\t\t<div data-elementor-type=\"wp-post\" data-elementor-id=\"1263\" class=\"elementor elementor-1263 elementor-191\" data-elementor-settings=\"[]\">\n\t\t\t\t\t\t<div class=\"elementor-inner\">\n\t\t\t\t\t\t\t<div class=\"elementor-section-wrap\">\n\t\t\t\t\t\t\t<section class=\"elementor-section elementor-top-section elementor-element elementor-element-592b82a elementor-section-height-min-height elementor-section-boxed elementor-section-height-default elementor-section-items-middle\" data-id=\"592b82a\" data-element_type=\"section\" data-settings=\"{&quot;background_background&quot;:&quot;classic&quot;}\">\n\t\t\t\t\t\t\t<div class=\"elementor-background-overlay\"><\/div>\n\t\t\t\t\t\t\t<div class=\"elementor-container elementor-column-gap-default\">\n\t\t\t\t\t\t\t<div class=\"elementor-row\">\n\t\t\t\t\t<div class=\"elementor-column elementor-col-100 elementor-top-column elementor-element elementor-element-79dde0f\" data-id=\"79dde0f\" data-element_type=\"column\">\n\t\t\t<div class=\"elementor-column-wrap elementor-element-populated\">\n\t\t\t\t\t\t\t<div class=\"elementor-widget-wrap\">\n\t\t\t\t\t\t<div class=\"elementor-element elementor-element-72205ca elementor-widget elementor-widget-heading\" data-id=\"72205ca\" data-element_type=\"widget\" data-widget_type=\"heading.default\">\n\t\t\t\t<div class=\"elementor-widget-container\">\n\t\t\t<h1 class=\"elementor-heading-title elementor-size-default\">IMMR: Mediterranean Institute of Regenerative Medicine<\/h1>\t\t<\/div>\n\t\t\t\t<\/div>\n\t\t\t\t\t\t<\/div>\n\t\t\t\t\t<\/div>\n\t\t<\/div>\n\t\t\t\t\t\t\t\t<\/div>\n\t\t\t\t\t<\/div>\n\t\t<\/section>\n\t\t\t\t<section class=\"elementor-section elementor-top-section elementor-element elementor-element-282de57 elementor-section-content-middle elementor-section-boxed elementor-section-height-default elementor-section-height-default\" data-id=\"282de57\" data-element_type=\"section\">\n\t\t\t\t\t\t<div class=\"elementor-container elementor-column-gap-default\">\n\t\t\t\t\t\t\t<div class=\"elementor-row\">\n\t\t\t\t\t<div class=\"elementor-column elementor-col-50 elementor-top-column elementor-element elementor-element-97a0958\" data-id=\"97a0958\" data-element_type=\"column\">\n\t\t\t<div class=\"elementor-column-wrap elementor-element-populated\">\n\t\t\t\t\t\t\t<div class=\"elementor-widget-wrap\">\n\t\t\t\t\t\t<div class=\"elementor-element elementor-element-cc0987a nomargin elementor-widget elementor-widget-text-editor\" data-id=\"cc0987a\" data-element_type=\"widget\" data-widget_type=\"text-editor.default\">\n\t\t\t\t<div class=\"elementor-widget-container\">\n\t\t\t\t\t\t\t\t<div class=\"elementor-text-editor elementor-clearfix\">\n\t\t\t\t<p>The IMMR: Mediterranean Institute of Regenerative Medicine is open to surgeons and rheumatologists practicing <a href=\"https:\/\/www.medecineregenerative.org\/en\/prp\/\" target=\"_blank\" rel=\"noopener\">PRP injections <\/a>of <a href=\"https:\/\/www.medecineregenerative.org\/en\/athrose-du-genou\/\" target=\"_blank\" rel=\"noopener\">osteoarthritic knees<\/a>.<\/p><p>It offers the practitioners concerned the technical and scientific possibility of carrying out these injections under safe conditions and in an optimal scientific environment.<\/p><p>The quality of the injected PRP is thus controlled by blood assay and of the injected PRP by the number of platelets, allowing the intrinsic quality to be known.<\/p><p>The medical data are collected upstream then at 3 months and 6 months <a href=\"https:\/\/www.medecineregenerative.org\/en\/koos-form\/\" target=\"_blank\" rel=\"noopener\">(KOOS : <em>Knee injury and Osteoarthritis Outcome Score<\/em>)<\/a> in order to enter an international register allowing the exploitation of the data source of scientific seriousness essential to the good realization of the protocol.<\/p><p>The technical and scientific environment protocol of the Mediterranean Institute of Regenerative Medicine was developed with the help of <a href=\"https:\/\/invivox.com\/profile\/52\" target=\"_blank\" rel=\"noopener\">Professor Guy Magalon,<\/a> eminent specialist in regenerative medicine at the origin of international congresses on the subject, on the data of the world literature which is now beginning to be abundant.<\/p><p>These data from the international literature are very exciting as to the quality of results that patients are entitled to expect from these injections. You can access it in the <a href=\"https:\/\/www.medecineregenerative.org\/en\/bibliographie\/\" target=\"_blank\" rel=\"noopener\">Bibliography<\/a> section.<\/p>\t\t\t\t\t<\/div>\n\t\t\t\t\t\t<\/div>\n\t\t\t\t<\/div>\n\t\t\t\t\t\t<\/div>\n\t\t\t\t\t<\/div>\n\t\t<\/div>\n\t\t\t\t<div class=\"elementor-column elementor-col-50 elementor-top-column elementor-element elementor-element-465575f\" data-id=\"465575f\" data-element_type=\"column\">\n\t\t\t<div class=\"elementor-column-wrap elementor-element-populated\">\n\t\t\t\t\t\t\t<div class=\"elementor-widget-wrap\">\n\t\t\t\t\t\t<div class=\"elementor-element elementor-element-8250b2c elementor--h-position-center elementor--v-position-middle elementor-arrows-position-inside elementor-pagination-position-inside elementor-widget elementor-widget-slides\" data-id=\"8250b2c\" data-element_type=\"widget\" data-settings=\"{&quot;autoplay_speed&quot;:3000,&quot;transition&quot;:&quot;fade&quot;,&quot;navigation&quot;:&quot;both&quot;,&quot;autoplay&quot;:&quot;yes&quot;,&quot;pause_on_hover&quot;:&quot;yes&quot;,&quot;pause_on_interaction&quot;:&quot;yes&quot;,&quot;infinite&quot;:&quot;yes&quot;,&quot;transition_speed&quot;:500}\" data-widget_type=\"slides.default\">\n\t\t\t\t<div class=\"elementor-widget-container\">\n\t\t\t\t\t<div class=\"elementor-swiper\">\n\t\t\t<div class=\"elementor-slides-wrapper elementor-main-swiper swiper-container\" dir=\"ltr\" data-animation=\"\">\n\t\t\t\t<div class=\"swiper-wrapper elementor-slides\">\n\t\t\t\t\t\t\t\t\t\t<div class=\"elementor-repeater-item-e361f0f swiper-slide\"><div class=\"swiper-slide-bg elementor-ken-burns elementor-ken-burns--in\"><\/div><div class=\"swiper-slide-inner\" ><div class=\"swiper-slide-contents\"><\/div><\/div><\/div><div class=\"elementor-repeater-item-bf97c17 swiper-slide\"><div class=\"swiper-slide-bg\"><\/div><div class=\"swiper-slide-inner\" ><div class=\"swiper-slide-contents\"><\/div><\/div><\/div><div class=\"elementor-repeater-item-479bce8 swiper-slide\"><div class=\"swiper-slide-bg\"><\/div><div class=\"swiper-slide-inner\" ><div class=\"swiper-slide-contents\"><\/div><\/div><\/div><div class=\"elementor-repeater-item-12f119b swiper-slide\"><div class=\"swiper-slide-bg elementor-ken-burns elementor-ken-burns--in\"><\/div><div class=\"swiper-slide-inner\" ><div class=\"swiper-slide-contents\"><\/div><\/div><\/div><div class=\"elementor-repeater-item-77eafb9 swiper-slide\"><div class=\"swiper-slide-bg\"><\/div><div class=\"swiper-slide-inner\" ><div class=\"swiper-slide-contents\"><\/div><\/div><\/div><div class=\"elementor-repeater-item-be55932 swiper-slide\"><div class=\"swiper-slide-bg\"><\/div><div class=\"swiper-slide-inner\" ><div class=\"swiper-slide-contents\"><\/div><\/div><\/div>\t\t\t\t<\/div>\n\t\t\t\t\t\t\t\t\t\t\t\t\t\t\t<div class=\"swiper-pagination\"><\/div>\n\t\t\t\t\t\t\t\t\t\t\t\t\t\t\t\t<div class=\"elementor-swiper-button elementor-swiper-button-prev\">\n\t\t\t\t\t\t\t<i aria-hidden=\"true\" class=\"eicon-chevron-left\"><\/i>\t\t\t\t\t\t\t<span class=\"elementor-screen-only\">Previous<\/span>\n\t\t\t\t\t\t<\/div>\n\t\t\t\t\t\t<div class=\"elementor-swiper-button elementor-swiper-button-next\">\n\t\t\t\t\t\t\t<i aria-hidden=\"true\" class=\"eicon-chevron-right\"><\/i>\t\t\t\t\t\t\t<span class=\"elementor-screen-only\">Next<\/span>\n\t\t\t\t\t\t<\/div>\n\t\t\t\t\t\t\t\t\t\t\t\t<\/div>\n\t\t<\/div>\n\t\t\t\t<\/div>\n\t\t\t\t<\/div>\n\t\t\t\t\t\t<\/div>\n\t\t\t\t\t<\/div>\n\t\t<\/div>\n\t\t\t\t\t\t\t\t<\/div>\n\t\t\t\t\t<\/div>\n\t\t<\/section>\n\t\t\t\t<section class=\"elementor-section elementor-top-section elementor-element elementor-element-e8a98d4 elementor-section-stretched elementor-section-full_width elementor-section-height-default elementor-section-height-default\" data-id=\"e8a98d4\" data-element_type=\"section\" data-settings=\"{&quot;stretch_section&quot;:&quot;section-stretched&quot;}\">\n\t\t\t\t\t\t<div class=\"elementor-container elementor-column-gap-default\">\n\t\t\t\t\t\t\t<div class=\"elementor-row\">\n\t\t\t\t\t<div class=\"elementor-column elementor-col-100 elementor-top-column elementor-element elementor-element-63a9c80\" data-id=\"63a9c80\" data-element_type=\"column\">\n\t\t\t<div class=\"elementor-column-wrap elementor-element-populated\">\n\t\t\t\t\t\t\t<div class=\"elementor-widget-wrap\">\n\t\t\t\t\t\t<div class=\"elementor-element elementor-element-b0e6f07 elementor-widget elementor-widget-google_maps\" data-id=\"b0e6f07\" data-element_type=\"widget\" data-widget_type=\"google_maps.default\">\n\t\t\t\t<div class=\"elementor-widget-container\">\n\t\t\t\t\t<div class=\"elementor-custom-embed\">\n\t\t\t<iframe frameborder=\"0\" scrolling=\"no\" marginheight=\"0\" marginwidth=\"0\"\n\t\t\t\t\tsrc=\"https:\/\/maps.google.com\/maps?q=20%20all%C3%A9e%20Turcat-Mery&#038;t=m&#038;z=12&#038;output=embed&#038;iwloc=near\"\n\t\t\t\t\ttitle=\"20 all\u00e9e Turcat-Mery\"\n\t\t\t\t\taria-label=\"20 all\u00e9e Turcat-Mery\"\n\t\t\t><\/iframe>\n\t\t<\/div>\n\t\t\t\t<\/div>\n\t\t\t\t<\/div>\n\t\t\t\t\t\t<\/div>\n\t\t\t\t\t<\/div>\n\t\t<\/div>\n\t\t\t\t\t\t\t\t<\/div>\n\t\t\t\t\t<\/div>\n\t\t<\/section>\n\t\t\t\t<section class=\"elementor-section elementor-top-section elementor-element elementor-element-54064a9 elementor-section-boxed elementor-section-height-default elementor-section-height-default\" data-id=\"54064a9\" data-element_type=\"section\">\n\t\t\t\t\t\t<div class=\"elementor-container elementor-column-gap-default\">\n\t\t\t\t\t\t\t<div class=\"elementor-row\">\n\t\t\t\t\t<div class=\"elementor-column elementor-col-100 elementor-top-column elementor-element elementor-element-987c60f\" data-id=\"987c60f\" data-element_type=\"column\">\n\t\t\t<div class=\"elementor-column-wrap elementor-element-populated\">\n\t\t\t\t\t\t\t<div class=\"elementor-widget-wrap\">\n\t\t\t\t\t\t<div class=\"elementor-element elementor-element-89cf828 elementor-widget elementor-widget-spacer\" data-id=\"89cf828\" data-element_type=\"widget\" data-widget_type=\"spacer.default\">\n\t\t\t\t<div class=\"elementor-widget-container\">\n\t\t\t\t\t<div class=\"elementor-spacer\">\n\t\t\t<div class=\"elementor-spacer-inner\"><\/div>\n\t\t<\/div>\n\t\t\t\t<\/div>\n\t\t\t\t<\/div>\n\t\t\t\t\t\t<\/div>\n\t\t\t\t\t<\/div>\n\t\t<\/div>\n\t\t\t\t\t\t\t\t<\/div>\n\t\t\t\t\t<\/div>\n\t\t<\/section>\n\t\t\t\t\t\t<\/div>\n\t\t\t\t\t\t<\/div>\n\t\t\t\t\t<\/div>\n\t\t","protected":false},"excerpt":{"rendered":"<p>IMMR: Mediterranean Institute of Regenerative Medicine The IMMR: Mediterranean Institute of Regenerative Medicine is open to surgeons and rheumatologists practicing PRP injections of osteoarthritic knees. It offers the practitioners concerned the technical and scientific possibility of carrying out these injections under safe conditions and in an optimal scientific environment. The quality of the injected PRP &hellip;<\/p>\n<p class=\"read-more\"> <a class=\"\" href=\"https:\/\/medecineregenerative.org\/en\/centre-de-medecine-regenerative\/\"> <span class=\"screen-reader-text\">Centre de m\u00e9decine r\u00e9g\u00e9n\u00e9rative<\/span> Read More &raquo;<\/a><\/p>\n","protected":false},"author":1,"featured_media":0,"parent":0,"menu_order":0,"comment_status":"closed","ping_status":"closed","template":"","meta":{"site-sidebar-layout":"no-sidebar","site-content-layout":"page-builder","ast-main-header-display":"","ast-hfb-above-header-display":"","ast-hfb-below-header-display":"","ast-hfb-mobile-header-display":"","site-post-title":"disabled","ast-breadcrumbs-content":"","ast-featured-img":"disabled","footer-sml-layout":"","theme-transparent-header-meta":"default","adv-header-id-meta":"","stick-header-meta":"","header-above-stick-meta":"","header-main-stick-meta":"","header-below-stick-meta":""},"yoast_head":"<!-- This site is optimized with the Yoast SEO plugin v18.1 - https:\/\/yoast.com\/wordpress\/plugins\/seo\/ -->\n<title>Centre de m\u00e9decine r\u00e9g\u00e9n\u00e9rative - Medecine Regenerative<\/title>\n<meta name=\"robots\" content=\"index, follow, max-snippet:-1, max-image-preview:large, max-video-preview:-1\" \/>\n<link rel=\"canonical\" href=\"https:\/\/medecineregenerative.org\/en\/centre-de-medecine-regenerative\/\" \/>\n<meta property=\"og:locale\" content=\"en_US\" \/>\n<meta property=\"og:type\" content=\"article\" \/>\n<meta property=\"og:title\" content=\"Centre de m\u00e9decine r\u00e9g\u00e9n\u00e9rative - Medecine Regenerative\" \/>\n<meta property=\"og:description\" content=\"IMMR: Mediterranean Institute of Regenerative Medicine The IMMR: Mediterranean Institute of Regenerative Medicine is open to surgeons and rheumatologists practicing PRP injections of osteoarthritic knees. It offers the practitioners concerned the technical and scientific possibility of carrying out these injections under safe conditions and in an optimal scientific environment. The quality of the injected PRP &hellip; Centre de m\u00e9decine r\u00e9g\u00e9n\u00e9rative Read More &raquo;\" \/>\n<meta property=\"og:url\" content=\"https:\/\/medecineregenerative.org\/en\/centre-de-medecine-regenerative\/\" \/>\n<meta property=\"og:site_name\" content=\"Medecine Regenerative\" \/>\n<meta property=\"article:modified_time\" content=\"2019-12-16T08:00:24+00:00\" \/>\n<meta name=\"twitter:card\" content=\"summary_large_image\" \/>\n<meta name=\"twitter:label1\" content=\"Est. reading time\" \/>\n\t<meta name=\"twitter:data1\" content=\"1 minute\" \/>\n<script type=\"application\/ld+json\" class=\"yoast-schema-graph\">{\"@context\":\"https:\/\/schema.org\",\"@graph\":[{\"@type\":\"WebSite\",\"@id\":\"https:\/\/medecineregenerative.org\/#website\",\"url\":\"https:\/\/medecineregenerative.org\/\",\"name\":\"Medecine Regenerative\",\"description\":\"IMMR\",\"potentialAction\":[{\"@type\":\"SearchAction\",\"target\":{\"@type\":\"EntryPoint\",\"urlTemplate\":\"https:\/\/medecineregenerative.org\/?s={search_term_string}\"},\"query-input\":\"required name=search_term_string\"}],\"inLanguage\":\"en-US\"},{\"@type\":\"WebPage\",\"@id\":\"https:\/\/medecineregenerative.org\/en\/centre-de-medecine-regenerative\/#webpage\",\"url\":\"https:\/\/medecineregenerative.org\/en\/centre-de-medecine-regenerative\/\",\"name\":\"Centre de m\u00e9decine r\u00e9g\u00e9n\u00e9rative - Medecine Regenerative\",\"isPartOf\":{\"@id\":\"https:\/\/medecineregenerative.org\/#website\"},\"datePublished\":\"2019-12-12T09:43:51+00:00\",\"dateModified\":\"2019-12-16T08:00:24+00:00\",\"breadcrumb\":{\"@id\":\"https:\/\/medecineregenerative.org\/en\/centre-de-medecine-regenerative\/#breadcrumb\"},\"inLanguage\":\"en-US\",\"potentialAction\":[{\"@type\":\"ReadAction\",\"target\":[\"https:\/\/medecineregenerative.org\/en\/centre-de-medecine-regenerative\/\"]}]},{\"@type\":\"BreadcrumbList\",\"@id\":\"https:\/\/medecineregenerative.org\/en\/centre-de-medecine-regenerative\/#breadcrumb\",\"itemListElement\":[{\"@type\":\"ListItem\",\"position\":1,\"name\":\"Accueil\",\"item\":\"https:\/\/medecineregenerative.org\/en\/\"},{\"@type\":\"ListItem\",\"position\":2,\"name\":\"Centre de m\u00e9decine r\u00e9g\u00e9n\u00e9rative\"}]}]}<\/script>\n<!-- \/ Yoast SEO plugin. -->","yoast_head_json":{"title":"Centre de m\u00e9decine r\u00e9g\u00e9n\u00e9rative - Medecine Regenerative","robots":{"index":"index","follow":"follow","max-snippet":"max-snippet:-1","max-image-preview":"max-image-preview:large","max-video-preview":"max-video-preview:-1"},"canonical":"https:\/\/medecineregenerative.org\/en\/centre-de-medecine-regenerative\/","og_locale":"en_US","og_type":"article","og_title":"Centre de m\u00e9decine r\u00e9g\u00e9n\u00e9rative - Medecine Regenerative","og_description":"IMMR: Mediterranean Institute of Regenerative Medicine The IMMR: Mediterranean Institute of Regenerative Medicine is open to surgeons and rheumatologists practicing PRP injections of osteoarthritic knees. It offers the practitioners concerned the technical and scientific possibility of carrying out these injections under safe conditions and in an optimal scientific environment. The quality of the injected PRP &hellip; Centre de m\u00e9decine r\u00e9g\u00e9n\u00e9rative Read More &raquo;","og_url":"https:\/\/medecineregenerative.org\/en\/centre-de-medecine-regenerative\/","og_site_name":"Medecine Regenerative","article_modified_time":"2019-12-16T08:00:24+00:00","twitter_card":"summary_large_image","twitter_misc":{"Est. reading time":"1 minute"},"schema":{"@context":"https:\/\/schema.org","@graph":[{"@type":"WebSite","@id":"https:\/\/medecineregenerative.org\/#website","url":"https:\/\/medecineregenerative.org\/","name":"Medecine Regenerative","description":"IMMR","potentialAction":[{"@type":"SearchAction","target":{"@type":"EntryPoint","urlTemplate":"https:\/\/medecineregenerative.org\/?s={search_term_string}"},"query-input":"required name=search_term_string"}],"inLanguage":"en-US"},{"@type":"WebPage","@id":"https:\/\/medecineregenerative.org\/en\/centre-de-medecine-regenerative\/#webpage","url":"https:\/\/medecineregenerative.org\/en\/centre-de-medecine-regenerative\/","name":"Centre de m\u00e9decine r\u00e9g\u00e9n\u00e9rative - Medecine Regenerative","isPartOf":{"@id":"https:\/\/medecineregenerative.org\/#website"},"datePublished":"2019-12-12T09:43:51+00:00","dateModified":"2019-12-16T08:00:24+00:00","breadcrumb":{"@id":"https:\/\/medecineregenerative.org\/en\/centre-de-medecine-regenerative\/#breadcrumb"},"inLanguage":"en-US","potentialAction":[{"@type":"ReadAction","target":["https:\/\/medecineregenerative.org\/en\/centre-de-medecine-regenerative\/"]}]},{"@type":"BreadcrumbList","@id":"https:\/\/medecineregenerative.org\/en\/centre-de-medecine-regenerative\/#breadcrumb","itemListElement":[{"@type":"ListItem","position":1,"name":"Accueil","item":"https:\/\/medecineregenerative.org\/en\/"},{"@type":"ListItem","position":2,"name":"Centre de m\u00e9decine r\u00e9g\u00e9n\u00e9rative"}]}]}},"_links":{"self":[{"href":"https:\/\/medecineregenerative.org\/en\/wp-json\/wp\/v2\/pages\/1263"}],"collection":[{"href":"https:\/\/medecineregenerative.org\/en\/wp-json\/wp\/v2\/pages"}],"about":[{"href":"https:\/\/medecineregenerative.org\/en\/wp-json\/wp\/v2\/types\/page"}],"author":[{"embeddable":true,"href":"https:\/\/medecineregenerative.org\/en\/wp-json\/wp\/v2\/users\/1"}],"replies":[{"embeddable":true,"href":"https:\/\/medecineregenerative.org\/en\/wp-json\/wp\/v2\/comments?post=1263"}],"version-history":[{"count":6,"href":"https:\/\/medecineregenerative.org\/en\/wp-json\/wp\/v2\/pages\/1263\/revisions"}],"predecessor-version":[{"id":1401,"href":"https:\/\/medecineregenerative.org\/en\/wp-json\/wp\/v2\/pages\/1263\/revisions\/1401"}],"wp:attachment":[{"href":"https:\/\/medecineregenerative.org\/en\/wp-json\/wp\/v2\/media?parent=1263"}],"curies":[{"name":"wp","href":"https:\/\/api.w.org\/{rel}","templated":true}]}}